{"id":177,"date":"2018-08-29T08:16:59","date_gmt":"2018-08-29T08:16:59","guid":{"rendered":"http:\/\/yemencioglu.com\/?page_id=7"},"modified":"2025-11-10T19:18:17","modified_gmt":"2025-11-10T16:18:17","slug":"home-2","status":"publish","type":"page","link":"https:\/\/yemencioglu.com\/","title":{"rendered":"Anasayfa"},"content":{"rendered":"","protected":false},"excerpt":{"rendered":"","protected":false},"author":1,"featured_media":0,"parent":0,"menu_order":0,"comment_status":"open","ping_status":"closed","template":"","meta":{"footnotes":""},"class_list":["post-177","page","type-page","status-publish","hentry"],"yoast_head":"<!-- This site is optimized with the Yoast SEO plugin v26.3 - https:\/\/yoast.com\/wordpress\/plugins\/seo\/ -->\n<title>Anasayfa - Yemencio\u011flu \u0130n\u015faat<\/title>\n<meta name=\"robots\" content=\"index, follow, max-snippet:-1, max-image-preview:large, max-video-preview:-1\" \/>\n<link rel=\"canonical\" href=\"http:\/\/yemencioglu.com\/\" \/>\n<meta property=\"og:locale\" content=\"tr_TR\" \/>\n<meta property=\"og:type\" content=\"article\" \/>\n<meta property=\"og:title\" content=\"Anasayfa - Yemencio\u011flu \u0130n\u015faat\" \/>\n<meta property=\"og:url\" content=\"http:\/\/yemencioglu.com\/\" \/>\n<meta property=\"og:site_name\" content=\"Yemencio\u011flu \u0130n\u015faat\" \/>\n<meta property=\"article:modified_time\" content=\"2025-11-10T16:18:17+00:00\" \/>\n<meta name=\"twitter:card\" content=\"summary_large_image\" \/>\n<script type=\"application\/ld+json\" class=\"yoast-schema-graph\">{\"@context\":\"https:\/\/schema.org\",\"@graph\":[{\"@type\":\"WebPage\",\"@id\":\"http:\/\/yemencioglu.com\/\",\"url\":\"http:\/\/yemencioglu.com\/\",\"name\":\"Anasayfa - Yemencio\u011flu \u0130n\u015faat\",\"isPartOf\":{\"@id\":\"http:\/\/yemencioglu.com\/#website\"},\"datePublished\":\"2018-08-29T08:16:59+00:00\",\"dateModified\":\"2025-11-10T16:18:17+00:00\",\"breadcrumb\":{\"@id\":\"http:\/\/yemencioglu.com\/#breadcrumb\"},\"inLanguage\":\"tr\",\"potentialAction\":[{\"@type\":\"ReadAction\",\"target\":[\"http:\/\/yemencioglu.com\/\"]}]},{\"@type\":\"BreadcrumbList\",\"@id\":\"http:\/\/yemencioglu.com\/#breadcrumb\",\"itemListElement\":[{\"@type\":\"ListItem\",\"position\":1,\"name\":\"Anasayfa\",\"item\":\"http:\/\/yemencioglu.com\/\"},{\"@type\":\"ListItem\",\"position\":2,\"name\":\"Anasayfa\"}]},{\"@type\":\"WebSite\",\"@id\":\"http:\/\/yemencioglu.com\/#website\",\"url\":\"http:\/\/yemencioglu.com\/\",\"name\":\"Yemencio\u011flu \u0130n\u015faat\",\"description\":\"\",\"publisher\":{\"@id\":\"http:\/\/yemencioglu.com\/#organization\"},\"potentialAction\":[{\"@type\":\"SearchAction\",\"target\":{\"@type\":\"EntryPoint\",\"urlTemplate\":\"http:\/\/yemencioglu.com\/?s={search_term_string}\"},\"query-input\":{\"@type\":\"PropertyValueSpecification\",\"valueRequired\":true,\"valueName\":\"search_term_string\"}}],\"inLanguage\":\"tr\"},{\"@type\":\"Organization\",\"@id\":\"http:\/\/yemencioglu.com\/#organization\",\"name\":\"Yemencio\u011flu \u0130n\u015faat\",\"url\":\"http:\/\/yemencioglu.com\/\",\"logo\":{\"@type\":\"ImageObject\",\"inLanguage\":\"tr\",\"@id\":\"http:\/\/yemencioglu.com\/#\/schema\/logo\/image\/\",\"url\":\"https:\/\/yemencioglu.com\/wp-content\/uploads\/2025\/10\/cropped-yemen.png\",\"contentUrl\":\"https:\/\/yemencioglu.com\/wp-content\/uploads\/2025\/10\/cropped-yemen.png\",\"width\":800,\"height\":150,\"caption\":\"Yemencio\u011flu \u0130n\u015faat\"},\"image\":{\"@id\":\"http:\/\/yemencioglu.com\/#\/schema\/logo\/image\/\"}}]}<\/script>\n<!-- \/ Yoast SEO plugin. -->","yoast_head_json":{"title":"Anasayfa - Yemencio\u011flu \u0130n\u015faat","robots":{"index":"index","follow":"follow","max-snippet":"max-snippet:-1","max-image-preview":"max-image-preview:large","max-video-preview":"max-video-preview:-1"},"canonical":"http:\/\/yemencioglu.com\/","og_locale":"tr_TR","og_type":"article","og_title":"Anasayfa - Yemencio\u011flu \u0130n\u015faat","og_url":"http:\/\/yemencioglu.com\/","og_site_name":"Yemencio\u011flu \u0130n\u015faat","article_modified_time":"2025-11-10T16:18:17+00:00","twitter_card":"summary_large_image","schema":{"@context":"https:\/\/schema.org","@graph":[{"@type":"WebPage","@id":"http:\/\/yemencioglu.com\/","url":"http:\/\/yemencioglu.com\/","name":"Anasayfa - Yemencio\u011flu \u0130n\u015faat","isPartOf":{"@id":"http:\/\/yemencioglu.com\/#website"},"datePublished":"2018-08-29T08:16:59+00:00","dateModified":"2025-11-10T16:18:17+00:00","breadcrumb":{"@id":"http:\/\/yemencioglu.com\/#breadcrumb"},"inLanguage":"tr","potentialAction":[{"@type":"ReadAction","target":["http:\/\/yemencioglu.com\/"]}]},{"@type":"BreadcrumbList","@id":"http:\/\/yemencioglu.com\/#breadcrumb","itemListElement":[{"@type":"ListItem","position":1,"name":"Anasayfa","item":"http:\/\/yemencioglu.com\/"},{"@type":"ListItem","position":2,"name":"Anasayfa"}]},{"@type":"WebSite","@id":"http:\/\/yemencioglu.com\/#website","url":"http:\/\/yemencioglu.com\/","name":"Yemencio\u011flu \u0130n\u015faat","description":"","publisher":{"@id":"http:\/\/yemencioglu.com\/#organization"},"potentialAction":[{"@type":"SearchAction","target":{"@type":"EntryPoint","urlTemplate":"http:\/\/yemencioglu.com\/?s={search_term_string}"},"query-input":{"@type":"PropertyValueSpecification","valueRequired":true,"valueName":"search_term_string"}}],"inLanguage":"tr"},{"@type":"Organization","@id":"http:\/\/yemencioglu.com\/#organization","name":"Yemencio\u011flu \u0130n\u015faat","url":"http:\/\/yemencioglu.com\/","logo":{"@type":"ImageObject","inLanguage":"tr","@id":"http:\/\/yemencioglu.com\/#\/schema\/logo\/image\/","url":"https:\/\/yemencioglu.com\/wp-content\/uploads\/2025\/10\/cropped-yemen.png","contentUrl":"https:\/\/yemencioglu.com\/wp-content\/uploads\/2025\/10\/cropped-yemen.png","width":800,"height":150,"caption":"Yemencio\u011flu \u0130n\u015faat"},"image":{"@id":"http:\/\/yemencioglu.com\/#\/schema\/logo\/image\/"}}]}},"_links":{"self":[{"href":"https:\/\/yemencioglu.com\/index.php\/wp-json\/wp\/v2\/pages\/177","targetHints":{"allow":["GET"]}}],"collection":[{"href":"https:\/\/yemencioglu.com\/index.php\/wp-json\/wp\/v2\/pages"}],"about":[{"href":"https:\/\/yemencioglu.com\/index.php\/wp-json\/wp\/v2\/types\/page"}],"author":[{"embeddable":true,"href":"https:\/\/yemencioglu.com\/index.php\/wp-json\/wp\/v2\/users\/1"}],"replies":[{"embeddable":true,"href":"https:\/\/yemencioglu.com\/index.php\/wp-json\/wp\/v2\/comments?post=177"}],"version-history":[{"count":2,"href":"https:\/\/yemencioglu.com\/index.php\/wp-json\/wp\/v2\/pages\/177\/revisions"}],"predecessor-version":[{"id":200,"href":"https:\/\/yemencioglu.com\/index.php\/wp-json\/wp\/v2\/pages\/177\/revisions\/200"}],"wp:attachment":[{"href":"https:\/\/yemencioglu.com\/index.php\/wp-json\/wp\/v2\/media?parent=177"}],"curies":[{"name":"wp","href":"https:\/\/api.w.org\/{rel}","templated":true}]}}